{"id":22996,"date":"2024-05-31T05:02:28","date_gmt":"2024-05-31T05:02:28","guid":{"rendered":"https:\/\/www.englishstreets.com\/?page_id=22996"},"modified":"2024-06-09T23:13:25","modified_gmt":"2024-06-09T23:13:25","slug":"mesafeli-satis-sozlesmesi","status":"publish","type":"page","link":"https:\/\/www.englishstreets.com\/ar\/mesafeli-satis-sozlesmesi\/","title":{"rendered":"\u0639\u0642\u062f \u0627\u0644\u0628\u064a\u0639 \u0639\u0646 \u0628\u064f\u0639\u062f"},"content":{"rendered":"<h3 class=\"wp-block-heading\">1. TARAFLAR<\/h3><p><strong>Sat\u0131c\u0131:<\/strong><\/p><p><strong>English Streets<\/strong><br>Adres: [Adres Bilgisi]<br>Telefon: [+905419060157]<br>E-posta: [info@englishstreets.com]<br>MERS\u0130S No: [MERS\u0130S Bilgisi]<\/p><p><strong>Al\u0131c\u0131:<\/strong><\/p><p>Ad\u0131 Soyad\u0131: [Al\u0131c\u0131 Ad\u0131 Soyad\u0131]<br>Adres: [Al\u0131c\u0131 Adresi]<br>Telefon: [Al\u0131c\u0131 Telefon Bilgisi]<br>E-posta: [Al\u0131c\u0131 E-posta Bilgisi]<\/p><h3 class=\"wp-block-heading\">2. S\u00d6ZLE\u015eMEN\u0130N KONUSU<\/h3><p>\u0130\u015fbu s\u00f6zle\u015fmenin konusu, Sat\u0131c\u0131\u2019n\u0131n, Al\u0131c\u0131\u2019ya sat\u0131\u015f\u0131n\u0131 yapt\u0131\u011f\u0131, a\u015fa\u011f\u0131da nitelikleri ve sat\u0131\u015f fiyat\u0131 belirtilen hizmetlerin sat\u0131\u015f\u0131 ve teslimi ile ilgili olarak 6502 say\u0131l\u0131 T\u00fcketicinin Korunmas\u0131 Hakk\u0131nda Kanun ve Mesafeli S\u00f6zle\u015fmeler Y\u00f6netmeli\u011fi h\u00fck\u00fcmleri gere\u011fince taraflar\u0131n hak ve y\u00fck\u00fcml\u00fcl\u00fcklerinin belirlenmesidir.<\/p><h3 class=\"wp-block-heading\">3. H\u0130ZMETLER<\/h3><p><strong>Hizmet T\u00fcr\u00fc:<\/strong>&nbsp;[Hizmet T\u00fcr\u00fc: Genel \u0130ngilizce, \u00d6zel Ders, Online E\u011fitim vb.]<br><strong>Hizmetin Nitelikleri:<\/strong>&nbsp;[Hizmetin Detayl\u0131 A\u00e7\u0131klamas\u0131]<br><strong>Hizmet Ba\u015flang\u0131\u00e7 Tarihi:<\/strong>&nbsp;[Ba\u015flang\u0131\u00e7 Tarihi]<br><strong>Hizmet S\u00fcresi:<\/strong>&nbsp;[S\u00fcre Bilgisi]<br><strong>Hizmet Bedeli:<\/strong>&nbsp;[Toplam \u00dccret]<br><strong>\u00d6deme \u015eekli:<\/strong>&nbsp;[\u00d6deme \u015eekli: Kredi Kart\u0131, Banka Havalesi vb.]<\/p><h3 class=\"wp-block-heading\">4. GENEL H\u00dcK\u00dcMLER<\/h3><p>4.1. Al\u0131c\u0131, i\u015fbu s\u00f6zle\u015fme konusu hizmetlerin temel nitelikleri, sat\u0131\u015f fiyat\u0131 ve \u00f6deme \u015fekli ile hizmete ili\u015fkin t\u00fcm \u00f6n bilgileri okuyup bilgi sahibi oldu\u011funu ve elektronik ortamda gerekli teyidi verdi\u011fini kabul ve beyan eder.<\/p><p>4.2. S\u00f6zle\u015fme konusu hizmet, yasal 30 g\u00fcnl\u00fck s\u00fcreyi a\u015fmamak ko\u015fulu ile her bir hizmet i\u00e7in Al\u0131c\u0131\u2019n\u0131n yerle\u015fim yeri uzakl\u0131\u011f\u0131na ba\u011fl\u0131 olarak internet sitesinde a\u00e7\u0131klanan s\u00fcre i\u00e7inde Al\u0131c\u0131 veya g\u00f6sterdi\u011fi adresteki ki\u015fi\/kurulu\u015fa teslim edilir.<\/p><p>4.3. Sat\u0131c\u0131, s\u00f6zle\u015fme konusu hizmeti eksiksiz, sipari\u015fte belirtilen niteliklere uygun ve varsa garanti belgeleri ile teslim etmeyi, i\u015fin gere\u011fi gibi ifas\u0131n\u0131 sa\u011flamay\u0131 kabul, beyan ve taahh\u00fct eder.<\/p><p>4.4. Sat\u0131c\u0131, hizmetin sunumunun imkans\u0131zla\u015fmas\u0131 halinde, bu durumu \u00f6\u011frendi\u011fi tarihten itibaren 3 g\u00fcn i\u00e7inde Al\u0131c\u0131\u2019ya yaz\u0131l\u0131 olarak veya s\u00fcrekli veri saklay\u0131c\u0131s\u0131 ile bildirmekle ve 14 g\u00fcnl\u00fck s\u00fcre i\u00e7inde toplam bedeli Al\u0131c\u0131\u2019ya iade etmekle y\u00fck\u00fcml\u00fcd\u00fcr.<\/p><p>4.5. Al\u0131c\u0131, s\u00f6zle\u015fme konusu hizmetin teslimat\u0131 i\u00e7in i\u015fbu s\u00f6zle\u015fmeyi elektronik ortamda teyit edece\u011fini, s\u00f6zle\u015fme konusu hizmet bedelinin \u00f6denmemesi ve\/veya banka kay\u0131tlar\u0131nda iptal edilmesi halinde, Sat\u0131c\u0131\u2019n\u0131n hizmeti teslim y\u00fck\u00fcml\u00fcl\u00fc\u011f\u00fcn\u00fcn sona erece\u011fini kabul, beyan ve taahh\u00fct eder.<\/p><h3 class=\"wp-block-heading\">5. CAYMA HAKKI<\/h3><p>5.1. Al\u0131c\u0131, s\u00f6zle\u015fme konusu hizmetin kendisine veya g\u00f6sterdi\u011fi adresteki ki\u015fi\/kurulu\u015fa tesliminden itibaren 14 (ond\u00f6rt) g\u00fcn i\u00e7inde cayma hakk\u0131na sahiptir. Cayma hakk\u0131n\u0131n kullan\u0131lmas\u0131 i\u00e7in bu s\u00fcre i\u00e7inde Sat\u0131c\u0131\u2019ya yaz\u0131l\u0131 olarak veya s\u00fcrekli veri saklay\u0131c\u0131s\u0131 ile bildirimde bulunulmas\u0131 ve hizmetin 6. madde h\u00fck\u00fcmleri \u00e7er\u00e7evesinde kullan\u0131lmam\u0131\u015f olmas\u0131 \u015fartt\u0131r.<\/p><p>5.2. Cayma hakk\u0131n\u0131n kullan\u0131lmas\u0131 halinde:<\/p><p>a) Al\u0131c\u0131\u2019ya veya onun belirledi\u011fi ki\u015fi\/kurulu\u015fa teslim edilen hizmetin faturas\u0131, (\u0130ade edilmek istenen hizmetin faturas\u0131 kurumsal ise, iade i\u015flemi Kurumsal Fatura ile birlikte yap\u0131lmal\u0131d\u0131r. Faturas\u0131 kurumlar ad\u0131na d\u00fczenlenen iadeler, \u0130ade Faturas\u0131 kesilmedi\u011fi takdirde tamamlanamayacakt\u0131r.)<\/p><p>b) \u0130ade formu,<\/p><p>c) \u0130ade edilecek hizmetlerin kutusu, ambalaj\u0131, varsa standart aksesuarlar\u0131 ile eksiksiz ve hasars\u0131z olarak teslim edilmesi gerekmektedir.<\/p><p>5.3. Sat\u0131c\u0131, cayma bildiriminin kendisine ula\u015fmas\u0131ndan itibaren 14 g\u00fcn i\u00e7inde toplam bedeli ve Al\u0131c\u0131\u2019y\u0131 bor\u00e7 alt\u0131na sokan belgeleri Al\u0131c\u0131\u2019ya iade etmekle y\u00fck\u00fcml\u00fcd\u00fcr.<\/p><p>5.4. Cayma hakk\u0131 nedeni ile iade edilen hizmetin teslimat bedeli Sat\u0131c\u0131 taraf\u0131ndan kar\u015f\u0131lan\u0131r.<\/p><h3 class=\"wp-block-heading\">6. CAYMA HAKKININ KULLANILAMAYACA\u011eI HALLER<\/h3><p>6.1. Al\u0131c\u0131\u2019n\u0131n iste\u011fi veya a\u00e7\u0131k\u00e7a ki\u015fisel ihtiya\u00e7lar\u0131 do\u011frultusunda haz\u0131rlanan ve geri g\u00f6nderilmeye m\u00fcsait olmayan hizmetlerde cayma hakk\u0131 kullan\u0131lamaz.<\/p><p>6.2. Niteli\u011fi itibariyle geri g\u00f6nderilmeye elveri\u015fli olmayan, h\u0131zl\u0131 bozulan veya son kullanma tarihi ge\u00e7me ihtimali olan hizmetler i\u00e7in cayma hakk\u0131 kullan\u0131lamaz.<\/p><p>6.3. Al\u0131c\u0131, cayma hakk\u0131 s\u00fcresi i\u00e7inde hizmetin kullan\u0131m\u0131na ba\u015flanm\u0131\u015fsa, cayma hakk\u0131n\u0131 kullanamaz.<\/p><h3 class=\"wp-block-heading\">7. TEMERR\u00dcT HAL\u0130 VE HUKUK\u0130 SONU\u00c7LARI<\/h3><p>Al\u0131c\u0131, \u00f6deme i\u015flemini kredi kart\u0131 ile ger\u00e7ekle\u015ftirmi\u015f ise, temerr\u00fct hali Al\u0131c\u0131\u2019n\u0131n bankas\u0131 ile olan s\u00f6zle\u015fmesi \u00e7er\u00e7evesinde de\u011ferlendirilecektir. Bu durumda, banka ilgili faiz oranlar\u0131n\u0131 ve gecikme faizini uygulayabilir ve bor\u00e7lunun hukuki yollara ba\u015fvurmas\u0131 hakk\u0131 sakl\u0131d\u0131r.<\/p><h3 class=\"wp-block-heading\">8. YETK\u0130L\u0130 MAHKEME<\/h3><p>\u0130\u015fbu s\u00f6zle\u015fmeden do\u011fan uyu\u015fmazl\u0131klarda, T\u00fcketici Hakem Heyetleri ile Al\u0131c\u0131\u2019n\u0131n veya Sat\u0131c\u0131\u2019n\u0131n yerle\u015fim yerindeki T\u00fcketici Mahkemeleri yetkilidir.<\/p><h3 class=\"wp-block-heading\">9. Y\u00dcR\u00dcRL\u00dcK<\/h3><p>Al\u0131c\u0131, i\u015fbu s\u00f6zle\u015fmenin t\u00fcm ko\u015fullar\u0131n\u0131 kabul ederek, elektronik ortamda onay vermi\u015ftir. \u0130\u015fbu s\u00f6zle\u015fme, Al\u0131c\u0131 taraf\u0131ndan elektronik olarak onayland\u0131\u011f\u0131 tarihte y\u00fcr\u00fcrl\u00fc\u011fe girer.<\/p><hr class=\"wp-block-separator has-alpha-channel-opacity\"\/><p><strong>Sat\u0131c\u0131:<\/strong><\/p><p><strong>English Streets<\/strong><\/p><hr class=\"wp-block-separator has-alpha-channel-opacity\"\/><p><strong>Al\u0131c\u0131:<\/strong><\/p><p>Ad\u0131 Soyad\u0131: [Al\u0131c\u0131 Ad\u0131 Soyad\u0131]<br>Adres: [Al\u0131c\u0131 Adresi]<br>Telefon: [Al\u0131c\u0131 Telefon Bilgisi]<br>E-posta: [Al\u0131c\u0131 E-posta Bilgisi]<\/p>","protected":false},"excerpt":{"rendered":"<p>1. TARAFLAR Sat\u0131c\u0131: English StreetsAdres: [Adres Bilgisi]Telefon: [+905419060157]E-posta: [info@englishstreets.com]MERS\u0130S No: [MERS\u0130S Bilgisi] Al\u0131c\u0131: Ad\u0131 Soyad\u0131: [Al\u0131c\u0131 Ad\u0131 Soyad\u0131]Adres: [Al\u0131c\u0131 Adresi]Telefon: [Al\u0131c\u0131 Telefon Bilgisi]E-posta: [Al\u0131c\u0131 E-posta Bilgisi] 2. S\u00d6ZLE\u015eMEN\u0130N KONUSU \u0130\u015fbu s\u00f6zle\u015fmenin konusu, Sat\u0131c\u0131\u2019n\u0131n, Al\u0131c\u0131\u2019ya sat\u0131\u015f\u0131n\u0131 yapt\u0131\u011f\u0131, a\u015fa\u011f\u0131da nitelikleri ve sat\u0131\u015f &hellip; <\/p>","protected":false},"author":1,"featured_media":0,"parent":0,"menu_order":0,"comment_status":"closed","ping_status":"closed","template":"","meta":{"footnotes":""},"class_list":["post-22996","page","type-page","status-publish","hentry"],"yoast_head":"<!-- This site is optimized with the Yoast SEO plugin v22.8 - https:\/\/yoast.com\/wordpress\/plugins\/seo\/ -->\n<title>Mesafeli Sat\u0131\u015f S\u00f6zle\u015fmesi - English Streets<\/title>\n<meta name=\"robots\" content=\"index, follow, max-snippet:-1, max-image-preview:large, max-video-preview:-1\" \/>\n<link rel=\"canonical\" href=\"https:\/\/www.englishstreets.com\/ar\/mesafeli-satis-sozlesmesi\/\" \/>\n<meta property=\"og:locale\" content=\"ar_AR\" \/>\n<meta property=\"og:type\" content=\"article\" \/>\n<meta property=\"og:title\" content=\"Mesafeli Sat\u0131\u015f S\u00f6zle\u015fmesi - English Streets\" \/>\n<meta property=\"og:description\" content=\"1. TARAFLAR Sat\u0131c\u0131: English StreetsAdres: [Adres Bilgisi]Telefon: [+905419060157]E-posta: [info@englishstreets.com]MERS\u0130S No: [MERS\u0130S Bilgisi] Al\u0131c\u0131: Ad\u0131 Soyad\u0131: [Al\u0131c\u0131 Ad\u0131 Soyad\u0131]Adres: [Al\u0131c\u0131 Adresi]Telefon: [Al\u0131c\u0131 Telefon Bilgisi]E-posta: [Al\u0131c\u0131 E-posta Bilgisi] 2. S\u00d6ZLE\u015eMEN\u0130N KONUSU \u0130\u015fbu s\u00f6zle\u015fmenin konusu, Sat\u0131c\u0131\u2019n\u0131n, Al\u0131c\u0131\u2019ya sat\u0131\u015f\u0131n\u0131 yapt\u0131\u011f\u0131, a\u015fa\u011f\u0131da nitelikleri ve sat\u0131\u015f &hellip;\" \/>\n<meta property=\"og:url\" content=\"https:\/\/www.englishstreets.com\/ar\/mesafeli-satis-sozlesmesi\/\" \/>\n<meta property=\"og:site_name\" content=\"English Streets\" \/>\n<meta property=\"article:modified_time\" content=\"2024-06-09T23:13:25+00:00\" \/>\n<meta name=\"twitter:card\" content=\"summary_large_image\" \/>\n<meta name=\"twitter:label1\" content=\"\u0648\u0642\u062a \u0627\u0644\u0642\u0631\u0627\u0621\u0629 \u0627\u0644\u0645\u064f\u0642\u062f\u0651\u0631\" \/>\n\t<meta name=\"twitter:data1\" content=\"4 \u062f\u0642\u0627\u0626\u0642\" \/>\n<script type=\"application\/ld+json\" class=\"yoast-schema-graph\">{\"@context\":\"https:\/\/schema.org\",\"@graph\":[{\"@type\":\"WebPage\",\"@id\":\"https:\/\/www.englishstreets.com\/mesafeli-satis-sozlesmesi\/\",\"url\":\"https:\/\/www.englishstreets.com\/mesafeli-satis-sozlesmesi\/\",\"name\":\"Mesafeli Sat\u0131\u015f S\u00f6zle\u015fmesi - English Streets\",\"isPartOf\":{\"@id\":\"https:\/\/www.englishstreets.com\/#website\"},\"datePublished\":\"2024-05-31T05:02:28+00:00\",\"dateModified\":\"2024-06-09T23:13:25+00:00\",\"breadcrumb\":{\"@id\":\"https:\/\/www.englishstreets.com\/mesafeli-satis-sozlesmesi\/#breadcrumb\"},\"inLanguage\":\"ar\",\"potentialAction\":[{\"@type\":\"ReadAction\",\"target\":[\"https:\/\/www.englishstreets.com\/mesafeli-satis-sozlesmesi\/\"]}]},{\"@type\":\"BreadcrumbList\",\"@id\":\"https:\/\/www.englishstreets.com\/mesafeli-satis-sozlesmesi\/#breadcrumb\",\"itemListElement\":[{\"@type\":\"ListItem\",\"position\":1,\"name\":\"Anasayfa\",\"item\":\"https:\/\/www.englishstreets.com\/\"},{\"@type\":\"ListItem\",\"position\":2,\"name\":\"Mesafeli Sat\u0131\u015f S\u00f6zle\u015fmesi\"}]},{\"@type\":\"WebSite\",\"@id\":\"https:\/\/www.englishstreets.com\/#website\",\"url\":\"https:\/\/www.englishstreets.com\/\",\"name\":\"English Streets\",\"description\":\"English Streets online language school\",\"publisher\":{\"@id\":\"https:\/\/www.englishstreets.com\/#organization\"},\"potentialAction\":[{\"@type\":\"SearchAction\",\"target\":{\"@type\":\"EntryPoint\",\"urlTemplate\":\"https:\/\/www.englishstreets.com\/?s={search_term_string}\"},\"query-input\":\"required name=search_term_string\"}],\"inLanguage\":\"ar\"},{\"@type\":\"Organization\",\"@id\":\"https:\/\/www.englishstreets.com\/#organization\",\"name\":\"English Streets\",\"url\":\"https:\/\/www.englishstreets.com\/\",\"logo\":{\"@type\":\"ImageObject\",\"inLanguage\":\"ar\",\"@id\":\"https:\/\/www.englishstreets.com\/#\/schema\/logo\/image\/\",\"url\":\"https:\/\/www.englishstreets.com\/wp-content\/uploads\/2024\/06\/fa9e67c7-5c63-4923-b69f-7e3094d78d60.jpeg\",\"contentUrl\":\"https:\/\/www.englishstreets.com\/wp-content\/uploads\/2024\/06\/fa9e67c7-5c63-4923-b69f-7e3094d78d60.jpeg\",\"width\":934,\"height\":239,\"caption\":\"English Streets\"},\"image\":{\"@id\":\"https:\/\/www.englishstreets.com\/#\/schema\/logo\/image\/\"},\"sameAs\":[\"https:\/\/www.instagram.com\/englishstreets?igsh=bzZhdHB1dWpnZmgx&utm_source=qr\"]}]}<\/script>\n<!-- \/ Yoast SEO plugin. -->","yoast_head_json":{"title":"Mesafeli Sat\u0131\u015f S\u00f6zle\u015fmesi - English Streets","robots":{"index":"index","follow":"follow","max-snippet":"max-snippet:-1","max-image-preview":"max-image-preview:large","max-video-preview":"max-video-preview:-1"},"canonical":"https:\/\/www.englishstreets.com\/ar\/mesafeli-satis-sozlesmesi\/","og_locale":"ar_AR","og_type":"article","og_title":"Mesafeli Sat\u0131\u015f S\u00f6zle\u015fmesi - English Streets","og_description":"1. TARAFLAR Sat\u0131c\u0131: English StreetsAdres: [Adres Bilgisi]Telefon: [+905419060157]E-posta: [info@englishstreets.com]MERS\u0130S No: [MERS\u0130S Bilgisi] Al\u0131c\u0131: Ad\u0131 Soyad\u0131: [Al\u0131c\u0131 Ad\u0131 Soyad\u0131]Adres: [Al\u0131c\u0131 Adresi]Telefon: [Al\u0131c\u0131 Telefon Bilgisi]E-posta: [Al\u0131c\u0131 E-posta Bilgisi] 2. S\u00d6ZLE\u015eMEN\u0130N KONUSU \u0130\u015fbu s\u00f6zle\u015fmenin konusu, Sat\u0131c\u0131\u2019n\u0131n, Al\u0131c\u0131\u2019ya sat\u0131\u015f\u0131n\u0131 yapt\u0131\u011f\u0131, a\u015fa\u011f\u0131da nitelikleri ve sat\u0131\u015f &hellip;","og_url":"https:\/\/www.englishstreets.com\/ar\/mesafeli-satis-sozlesmesi\/","og_site_name":"English Streets","article_modified_time":"2024-06-09T23:13:25+00:00","twitter_card":"summary_large_image","twitter_misc":{"\u0648\u0642\u062a \u0627\u0644\u0642\u0631\u0627\u0621\u0629 \u0627\u0644\u0645\u064f\u0642\u062f\u0651\u0631":"4 \u062f\u0642\u0627\u0626\u0642"},"schema":{"@context":"https:\/\/schema.org","@graph":[{"@type":"WebPage","@id":"https:\/\/www.englishstreets.com\/mesafeli-satis-sozlesmesi\/","url":"https:\/\/www.englishstreets.com\/mesafeli-satis-sozlesmesi\/","name":"Mesafeli Sat\u0131\u015f S\u00f6zle\u015fmesi - English Streets","isPartOf":{"@id":"https:\/\/www.englishstreets.com\/#website"},"datePublished":"2024-05-31T05:02:28+00:00","dateModified":"2024-06-09T23:13:25+00:00","breadcrumb":{"@id":"https:\/\/www.englishstreets.com\/mesafeli-satis-sozlesmesi\/#breadcrumb"},"inLanguage":"ar","potentialAction":[{"@type":"ReadAction","target":["https:\/\/www.englishstreets.com\/mesafeli-satis-sozlesmesi\/"]}]},{"@type":"BreadcrumbList","@id":"https:\/\/www.englishstreets.com\/mesafeli-satis-sozlesmesi\/#breadcrumb","itemListElement":[{"@type":"ListItem","position":1,"name":"Anasayfa","item":"https:\/\/www.englishstreets.com\/"},{"@type":"ListItem","position":2,"name":"Mesafeli Sat\u0131\u015f S\u00f6zle\u015fmesi"}]},{"@type":"WebSite","@id":"https:\/\/www.englishstreets.com\/#website","url":"https:\/\/www.englishstreets.com\/","name":"English Streets","description":"English Streets online language school","publisher":{"@id":"https:\/\/www.englishstreets.com\/#organization"},"potentialAction":[{"@type":"SearchAction","target":{"@type":"EntryPoint","urlTemplate":"https:\/\/www.englishstreets.com\/?s={search_term_string}"},"query-input":"required name=search_term_string"}],"inLanguage":"ar"},{"@type":"Organization","@id":"https:\/\/www.englishstreets.com\/#organization","name":"English Streets","url":"https:\/\/www.englishstreets.com\/","logo":{"@type":"ImageObject","inLanguage":"ar","@id":"https:\/\/www.englishstreets.com\/#\/schema\/logo\/image\/","url":"https:\/\/www.englishstreets.com\/wp-content\/uploads\/2024\/06\/fa9e67c7-5c63-4923-b69f-7e3094d78d60.jpeg","contentUrl":"https:\/\/www.englishstreets.com\/wp-content\/uploads\/2024\/06\/fa9e67c7-5c63-4923-b69f-7e3094d78d60.jpeg","width":934,"height":239,"caption":"English Streets"},"image":{"@id":"https:\/\/www.englishstreets.com\/#\/schema\/logo\/image\/"},"sameAs":["https:\/\/www.instagram.com\/englishstreets?igsh=bzZhdHB1dWpnZmgx&utm_source=qr"]}]}},"jetpack_sharing_enabled":true,"_links":{"self":[{"href":"https:\/\/www.englishstreets.com\/ar\/wp-json\/wp\/v2\/pages\/22996","targetHints":{"allow":["GET"]}}],"collection":[{"href":"https:\/\/www.englishstreets.com\/ar\/wp-json\/wp\/v2\/pages"}],"about":[{"href":"https:\/\/www.englishstreets.com\/ar\/wp-json\/wp\/v2\/types\/page"}],"author":[{"embeddable":true,"href":"https:\/\/www.englishstreets.com\/ar\/wp-json\/wp\/v2\/users\/1"}],"replies":[{"embeddable":true,"href":"https:\/\/www.englishstreets.com\/ar\/wp-json\/wp\/v2\/comments?post=22996"}],"version-history":[{"count":2,"href":"https:\/\/www.englishstreets.com\/ar\/wp-json\/wp\/v2\/pages\/22996\/revisions"}],"predecessor-version":[{"id":23090,"href":"https:\/\/www.englishstreets.com\/ar\/wp-json\/wp\/v2\/pages\/22996\/revisions\/23090"}],"wp:attachment":[{"href":"https:\/\/www.englishstreets.com\/ar\/wp-json\/wp\/v2\/media?parent=22996"}],"curies":[{"name":"wp","href":"https:\/\/api.w.org\/{rel}","templated":true}]}}